{"id":8,"date":"2012-09-18T12:29:27","date_gmt":"2012-09-18T17:29:27","guid":{"rendered":"http:\/\/camp.ucss.edu.pe\/ytuquelees\/?page_id=8"},"modified":"2012-10-23T17:22:09","modified_gmt":"2012-10-23T22:22:09","slug":"el-proyecto","status":"publish","type":"page","link":"http:\/\/camp.ucss.edu.pe\/ytuquelees\/el-proyecto\/","title":{"rendered":"YO LEO\u2026 \u00bfY T\u00da, QU\u00c9 LEES?"},"content":{"rendered":"<p>[ultimate 1 \/]<\/p>\n<p>La pr\u00e1ctica provechosa de lectura parece una actividad propia de quienes decidimos seguir el camino universitario; no obstante, a veces, por distintos factores, la limitamos a la obligatoriedad de los libros indicados en los programas de cada curso.<\/p>\n<p>Incluso, como pr\u00e1ctica permanente que forme parte de nuestra experiencia personal no es realizada con frecuencia. Hay textos de los cu\u00e1les podemos sacar un gran provecho m\u00e1s all\u00e1 de las evaluaciones o tareas.<\/p>\n<p>Por otro lado, somos conscientes de que, actualmente, las pr\u00e1cticas lectoras se han ampliado \u2014o reducido\u2014 a los audiovisuales y a Internet. Este \u00faltimo medio es en el que m\u00e1s interactuamos y en el que adoptamos nuevas formas de comunicaci\u00f3n.<\/p>\n<p>Por ejemplo, en las redes sociales interactuamos constantemente con la lectura y escritura de mensajes y textos breves.<\/p>\n<p>Si bien la pr\u00e1ctica lectora, seg\u00fan estos nuevos escenarios, est\u00e1 presente en la vida juvenil, casi siempre no profundizamos en sus beneficios. Una lectura bien realizada puede ser provechosa tanto de manera personal como profesional.<\/p>\n<p>Por ello, la Facultad de Ingenier\u00eda, con el apoyo del Fondo Editorial UCSS, propone a la comunidad universitaria de su facultad \u2014y en general\u2014 este espacio que busca promover la lectura como una actividad de libre elecci\u00f3n y que nos ayude a reflexionar sobre la importancia personal y profesional de la lectura de todo tipo de textos.<\/p>\n<p>En este blog publicaremos las experiencias lectoras de nuestros compa\u00f1eros mediante videos y rese\u00f1as. Adem\u00e1s encontrar\u00e1s una serie de herramientas y ayudas pedag\u00f3gicas que te servir\u00e1n de apoyo si todav\u00eda no te animas a leer bien.<\/p>\n<h3>\u00a1Comparte tu lectura!<\/h3>\n<p>Para mayor informaci\u00f3n puedes comunicarte con el profesor Giovanni Sandoval, coordinador de Humanidades de la Facultad de Ingenier\u00eda: <strong><a href=\"mailto:gsandoval@ucss.edu.pe\">gsandoval@ucss.edu.pe<\/a><\/strong>.<\/p>\n<p>Con el apoyo de:<\/p>\n<p>[logo fondo editorial]<\/p>\n","protected":false},"excerpt":{"rendered":"<p>[ultimate 1 \/] La pr\u00e1ctica provechosa de lectura parece una actividad propia de quienes decidimos seguir el camino universitario; no obstante, a veces, por distintos factores, la limitamos a la obligatoriedad de los libros indicados en los programas de cada curso. Incluso, como pr\u00e1ctica permanente que forme parte de nuestra experiencia personal no es realizada [&hellip;]<\/p>\n","protected":false},"author":1,"featured_media":0,"parent":0,"menu_order":0,"comment_status":"open","ping_status":"open","template":"","meta":{"_uag_custom_page_level_css":"","footnotes":""},"tags":[],"class_list":["post-8","page","type-page","status-publish","hentry"],"yoast_head":"<!-- This site is optimized with the Yoast SEO plugin v24.0 - https:\/\/yoast.com\/wordpress\/plugins\/seo\/ -->\n<title>YO LEO\u2026 \u00bfY T\u00da, QU\u00c9 LEES? - \u00bfY t\u00fa QU\u00c9 LEES?<\/title>\n<meta name=\"robots\" content=\"index, follow, max-snippet:-1, max-image-preview:large, max-video-preview:-1\" \/>\n<link rel=\"canonical\" href=\"http:\/\/camp.ucss.edu.pe\/ytuquelees\/el-proyecto\/\" \/>\n<meta property=\"og:locale\" content=\"es_ES\" \/>\n<meta property=\"og:type\" content=\"article\" \/>\n<meta property=\"og:title\" content=\"YO LEO\u2026 \u00bfY T\u00da, QU\u00c9 LEES? - \u00bfY t\u00fa QU\u00c9 LEES?\" \/>\n<meta property=\"og:description\" content=\"[ultimate 1 \/] La pr\u00e1ctica provechosa de lectura parece una actividad propia de quienes decidimos seguir el camino universitario; no obstante, a veces, por distintos factores, la limitamos a la obligatoriedad de los libros indicados en los programas de cada curso. Incluso, como pr\u00e1ctica permanente que forme parte de nuestra experiencia personal no es realizada [&hellip;]\" \/>\n<meta property=\"og:url\" content=\"http:\/\/camp.ucss.edu.pe\/ytuquelees\/el-proyecto\/\" \/>\n<meta property=\"og:site_name\" content=\"\u00bfY t\u00fa QU\u00c9 LEES?\" \/>\n<meta property=\"article:modified_time\" content=\"2012-10-23T22:22:09+00:00\" \/>\n<meta name=\"twitter:card\" content=\"summary_large_image\" \/>\n<meta name=\"twitter:label1\" content=\"Tiempo de lectura\" \/>\n\t<meta name=\"twitter:data1\" content=\"2 minutos\" \/>\n<script type=\"application\/ld+json\" class=\"yoast-schema-graph\">{\"@context\":\"https:\/\/schema.org\",\"@graph\":[{\"@type\":\"WebPage\",\"@id\":\"http:\/\/camp.ucss.edu.pe\/ytuquelees\/el-proyecto\/\",\"url\":\"http:\/\/camp.ucss.edu.pe\/ytuquelees\/el-proyecto\/\",\"name\":\"YO LEO\u2026 \u00bfY T\u00da, QU\u00c9 LEES? - \u00bfY t\u00fa QU\u00c9 LEES?\",\"isPartOf\":{\"@id\":\"http:\/\/camp.ucss.edu.pe\/ytuquelees\/#website\"},\"datePublished\":\"2012-09-18T17:29:27+00:00\",\"dateModified\":\"2012-10-23T22:22:09+00:00\",\"breadcrumb\":{\"@id\":\"http:\/\/camp.ucss.edu.pe\/ytuquelees\/el-proyecto\/#breadcrumb\"},\"inLanguage\":\"es\",\"potentialAction\":[{\"@type\":\"ReadAction\",\"target\":[\"http:\/\/camp.ucss.edu.pe\/ytuquelees\/el-proyecto\/\"]}]},{\"@type\":\"BreadcrumbList\",\"@id\":\"http:\/\/camp.ucss.edu.pe\/ytuquelees\/el-proyecto\/#breadcrumb\",\"itemListElement\":[{\"@type\":\"ListItem\",\"position\":1,\"name\":\"Portada\",\"item\":\"http:\/\/camp.ucss.edu.pe\/ytuquelees\/\"},{\"@type\":\"ListItem\",\"position\":2,\"name\":\"YO LEO\u2026 \u00bfY T\u00da, QU\u00c9 LEES?\"}]},{\"@type\":\"WebSite\",\"@id\":\"http:\/\/camp.ucss.edu.pe\/ytuquelees\/#website\",\"url\":\"http:\/\/camp.ucss.edu.pe\/ytuquelees\/\",\"name\":\"\u00bfY t\u00fa QU\u00c9 LEES?\",\"description\":\"Mural online de promoci\u00f3n de la lectura de la Facultad de Ingenier\u00eda de la Universidad Cat\u00f3lica Sedes Sapientiae\",\"potentialAction\":[{\"@type\":\"SearchAction\",\"target\":{\"@type\":\"EntryPoint\",\"urlTemplate\":\"http:\/\/camp.ucss.edu.pe\/ytuquelees\/?s={search_term_string}\"},\"query-input\":{\"@type\":\"PropertyValueSpecification\",\"valueRequired\":true,\"valueName\":\"search_term_string\"}}],\"inLanguage\":\"es\"}]}<\/script>\n<!-- \/ Yoast SEO plugin. -->","yoast_head_json":{"title":"YO LEO\u2026 \u00bfY T\u00da, QU\u00c9 LEES? - \u00bfY t\u00fa QU\u00c9 LEES?","robots":{"index":"index","follow":"follow","max-snippet":"max-snippet:-1","max-image-preview":"max-image-preview:large","max-video-preview":"max-video-preview:-1"},"canonical":"http:\/\/camp.ucss.edu.pe\/ytuquelees\/el-proyecto\/","og_locale":"es_ES","og_type":"article","og_title":"YO LEO\u2026 \u00bfY T\u00da, QU\u00c9 LEES? - \u00bfY t\u00fa QU\u00c9 LEES?","og_description":"[ultimate 1 \/] La pr\u00e1ctica provechosa de lectura parece una actividad propia de quienes decidimos seguir el camino universitario; no obstante, a veces, por distintos factores, la limitamos a la obligatoriedad de los libros indicados en los programas de cada curso. Incluso, como pr\u00e1ctica permanente que forme parte de nuestra experiencia personal no es realizada [&hellip;]","og_url":"http:\/\/camp.ucss.edu.pe\/ytuquelees\/el-proyecto\/","og_site_name":"\u00bfY t\u00fa QU\u00c9 LEES?","article_modified_time":"2012-10-23T22:22:09+00:00","twitter_card":"summary_large_image","twitter_misc":{"Tiempo de lectura":"2 minutos"},"schema":{"@context":"https:\/\/schema.org","@graph":[{"@type":"WebPage","@id":"http:\/\/camp.ucss.edu.pe\/ytuquelees\/el-proyecto\/","url":"http:\/\/camp.ucss.edu.pe\/ytuquelees\/el-proyecto\/","name":"YO LEO\u2026 \u00bfY T\u00da, QU\u00c9 LEES? - \u00bfY t\u00fa QU\u00c9 LEES?","isPartOf":{"@id":"http:\/\/camp.ucss.edu.pe\/ytuquelees\/#website"},"datePublished":"2012-09-18T17:29:27+00:00","dateModified":"2012-10-23T22:22:09+00:00","breadcrumb":{"@id":"http:\/\/camp.ucss.edu.pe\/ytuquelees\/el-proyecto\/#breadcrumb"},"inLanguage":"es","potentialAction":[{"@type":"ReadAction","target":["http:\/\/camp.ucss.edu.pe\/ytuquelees\/el-proyecto\/"]}]},{"@type":"BreadcrumbList","@id":"http:\/\/camp.ucss.edu.pe\/ytuquelees\/el-proyecto\/#breadcrumb","itemListElement":[{"@type":"ListItem","position":1,"name":"Portada","item":"http:\/\/camp.ucss.edu.pe\/ytuquelees\/"},{"@type":"ListItem","position":2,"name":"YO LEO\u2026 \u00bfY T\u00da, QU\u00c9 LEES?"}]},{"@type":"WebSite","@id":"http:\/\/camp.ucss.edu.pe\/ytuquelees\/#website","url":"http:\/\/camp.ucss.edu.pe\/ytuquelees\/","name":"\u00bfY t\u00fa QU\u00c9 LEES?","description":"Mural online de promoci\u00f3n de la lectura de la Facultad de Ingenier\u00eda de la Universidad Cat\u00f3lica Sedes Sapientiae","potentialAction":[{"@type":"SearchAction","target":{"@type":"EntryPoint","urlTemplate":"http:\/\/camp.ucss.edu.pe\/ytuquelees\/?s={search_term_string}"},"query-input":{"@type":"PropertyValueSpecification","valueRequired":true,"valueName":"search_term_string"}}],"inLanguage":"es"}]}},"uagb_featured_image_src":{"full":false,"thumbnail":false,"medium":false,"medium_large":false,"large":false,"1536x1536":false,"2048x2048":false,"top_feature":false,"index_box":false,"index_wide":false},"uagb_author_info":{"display_name":"CampUCSS","author_link":"http:\/\/camp.ucss.edu.pe\/ytuquelees\/author\/ucss_campucss\/"},"uagb_comment_info":0,"uagb_excerpt":"[ultimate 1 \/] La pr\u00e1ctica provechosa de lectura parece una actividad propia de quienes decidimos seguir el camino universitario; no obstante, a veces, por distintos factores, la limitamos a la obligatoriedad de los libros indicados en los programas de cada curso. Incluso, como pr\u00e1ctica permanente que forme parte de nuestra experiencia personal no es realizada&hellip;","_links":{"self":[{"href":"http:\/\/camp.ucss.edu.pe\/ytuquelees\/wp-json\/wp\/v2\/pages\/8","targetHints":{"allow":["GET"]}}],"collection":[{"href":"http:\/\/camp.ucss.edu.pe\/ytuquelees\/wp-json\/wp\/v2\/pages"}],"about":[{"href":"http:\/\/camp.ucss.edu.pe\/ytuquelees\/wp-json\/wp\/v2\/types\/page"}],"author":[{"embeddable":true,"href":"http:\/\/camp.ucss.edu.pe\/ytuquelees\/wp-json\/wp\/v2\/users\/1"}],"replies":[{"embeddable":true,"href":"http:\/\/camp.ucss.edu.pe\/ytuquelees\/wp-json\/wp\/v2\/comments?post=8"}],"version-history":[{"count":9,"href":"http:\/\/camp.ucss.edu.pe\/ytuquelees\/wp-json\/wp\/v2\/pages\/8\/revisions"}],"predecessor-version":[{"id":86,"href":"http:\/\/camp.ucss.edu.pe\/ytuquelees\/wp-json\/wp\/v2\/pages\/8\/revisions\/86"}],"wp:attachment":[{"href":"http:\/\/camp.ucss.edu.pe\/ytuquelees\/wp-json\/wp\/v2\/media?parent=8"}],"wp:term":[{"taxonomy":"post_tag","embeddable":true,"href":"http:\/\/camp.ucss.edu.pe\/ytuquelees\/wp-json\/wp\/v2\/tags?post=8"}],"curies":[{"name":"wp","href":"https:\/\/api.w.org\/{rel}","templated":true}]}}