{"id":2,"date":"2012-03-02T16:44:11","date_gmt":"2012-03-02T16:44:11","guid":{"rendered":"http:\/\/camp.ucss.edu.pe\/linternamagica\/?page_id=2"},"modified":"2012-03-09T16:35:40","modified_gmt":"2012-03-09T16:35:40","slug":"pagina-ejemplo","status":"publish","type":"page","link":"http:\/\/camp.ucss.edu.pe\/linternamagica\/pagina-ejemplo\/","title":{"rendered":"Linterna M\u00e1gica"},"content":{"rendered":"<p>\tNotable invento del siglo XVI, atribuido al importante cient\u00edfico jesuita Atanasio Kircher, que m\u00e1s adelante se convertir\u00eda en el precursor de los proyectores de cine. Basado en el principio de la c\u00e1mara obscura, la linterna m\u00e1gica era un artilugio sencillo que mediante unas lentes y una fuente de luz interna permit\u00eda proyectar im\u00e1genes agrandadas en una pared blanca. El efecto que tuvo en los espectadores era tal que muchos se quedaban asombrados y probablemente haciendo comentarios sobre sus supuestas atribuciones m\u00e1gicas. Quiz\u00e1s hayan sido estas expresiones de asombro la motivaci\u00f3n principal que tuvo Kircher al ver el resultado de su invento y por eso adopt\u00f3 ese nombre para bautizarlo.<\/p>\n<p>Asombro: esa sensaci\u00f3n que nos acompa\u00f1a cada vez que ingresamos a una sala cinematogr\u00e1fica y al ver una pel\u00edcula, nos dejamos arrastrar por una historia \u201cm\u00e1gica\u201d de la que tambi\u00e9n nos gustar\u00eda ser parte. Voluntariamentedejamos nuestra rutina cotidiana, llena de preocupaciones propias del mundo moderno que vivimos, y aceptamos entrar, aunque sea por un breve espacio de tiempo, en un mundo m\u00e1gico, esperando que nos asombre con sus historias y sus personajes. El cine nos ayuda a mantener viva esta capacidad de asombrarnos frente a lo m\u00e1gico y maravilloso, capacidad que se revela f\u00e1cilmente cuando somos ni\u00f1os y que con el tiempo vamos perdiendo. <\/p>\n<p>Al igual que una linterna, nuestro prop\u00f3sito es echar luces sobre el mundo tan vasto que puede ser la cinematograf\u00eda universal, buscando esas historias m\u00e1gicas que nos asombren. La Linterna M\u00e1gicaser\u00e1 una revista escrita,m\u00e1s que por expertos, por amantes del cine o cin\u00e9filos que buscan no perder ese asombro frente a la realidad.   <\/p>\n","protected":false},"excerpt":{"rendered":"<p>Notable invento del siglo XVI, atribuido al importante cient\u00edfico jesuita Atanasio Kircher, que m\u00e1s adelante se convertir\u00eda en el precursor de los proyectores de cine. Basado en el principio de la c\u00e1mara obscura, la linterna m\u00e1gica era un artilugio sencillo que mediante unas lentes y una fuente de luz interna permit\u00eda proyectar im\u00e1genes agrandadas en una pared blanca. El efecto que tuvo en los espectadores era tal que muchos se quedaban asombrados y probablemente haciendo comentarios sobre sus supuestas atribuciones m\u00e1gicas. Quiz\u00e1s hayan sido estas expresiones de asombro la motivaci\u00f3n principal que tuvo Kircher al ver el resultado de su&#8230;<\/p>\n","protected":false},"author":6,"featured_media":0,"parent":0,"menu_order":0,"comment_status":"open","ping_status":"open","template":"","meta":{"_uag_custom_page_level_css":"","footnotes":""},"tags":[],"class_list":["post-2","page","type-page","status-publish","hentry"],"yoast_head":"<!-- This site is optimized with the Yoast SEO plugin v24.0 - https:\/\/yoast.com\/wordpress\/plugins\/seo\/ -->\n<title>Linterna M\u00e1gica - Linterna M\u00e1gica<\/title>\n<meta name=\"robots\" content=\"index, follow, max-snippet:-1, max-image-preview:large, max-video-preview:-1\" \/>\n<link rel=\"canonical\" href=\"http:\/\/camp.ucss.edu.pe\/linternamagica\/pagina-ejemplo\/\" \/>\n<meta property=\"og:locale\" content=\"es_ES\" \/>\n<meta property=\"og:type\" content=\"article\" \/>\n<meta property=\"og:title\" content=\"Linterna M\u00e1gica - Linterna M\u00e1gica\" \/>\n<meta property=\"og:description\" content=\"Notable invento del siglo XVI, atribuido al importante cient\u00edfico jesuita Atanasio Kircher, que m\u00e1s adelante se convertir\u00eda en el precursor de los proyectores de cine. Basado en el principio de la c\u00e1mara obscura, la linterna m\u00e1gica era un artilugio sencillo que mediante unas lentes y una fuente de luz interna permit\u00eda proyectar im\u00e1genes agrandadas en una pared blanca. El efecto que tuvo en los espectadores era tal que muchos se quedaban asombrados y probablemente haciendo comentarios sobre sus supuestas atribuciones m\u00e1gicas. Quiz\u00e1s hayan sido estas expresiones de asombro la motivaci\u00f3n principal que tuvo Kircher al ver el resultado de su...\" \/>\n<meta property=\"og:url\" content=\"http:\/\/camp.ucss.edu.pe\/linternamagica\/pagina-ejemplo\/\" \/>\n<meta property=\"og:site_name\" content=\"Linterna M\u00e1gica\" \/>\n<meta property=\"article:modified_time\" content=\"2012-03-09T16:35:40+00:00\" \/>\n<meta name=\"twitter:card\" content=\"summary_large_image\" \/>\n<meta name=\"twitter:label1\" content=\"Tiempo de lectura\" \/>\n\t<meta name=\"twitter:data1\" content=\"1 minuto\" \/>\n<script type=\"application\/ld+json\" class=\"yoast-schema-graph\">{\"@context\":\"https:\/\/schema.org\",\"@graph\":[{\"@type\":\"WebPage\",\"@id\":\"http:\/\/camp.ucss.edu.pe\/linternamagica\/pagina-ejemplo\/\",\"url\":\"http:\/\/camp.ucss.edu.pe\/linternamagica\/pagina-ejemplo\/\",\"name\":\"Linterna M\u00e1gica - Linterna M\u00e1gica\",\"isPartOf\":{\"@id\":\"http:\/\/camp.ucss.edu.pe\/linternamagica\/#website\"},\"datePublished\":\"2012-03-02T16:44:11+00:00\",\"dateModified\":\"2012-03-09T16:35:40+00:00\",\"breadcrumb\":{\"@id\":\"http:\/\/camp.ucss.edu.pe\/linternamagica\/pagina-ejemplo\/#breadcrumb\"},\"inLanguage\":\"es\",\"potentialAction\":[{\"@type\":\"ReadAction\",\"target\":[\"http:\/\/camp.ucss.edu.pe\/linternamagica\/pagina-ejemplo\/\"]}]},{\"@type\":\"BreadcrumbList\",\"@id\":\"http:\/\/camp.ucss.edu.pe\/linternamagica\/pagina-ejemplo\/#breadcrumb\",\"itemListElement\":[{\"@type\":\"ListItem\",\"position\":1,\"name\":\"Portada\",\"item\":\"http:\/\/camp.ucss.edu.pe\/linternamagica\/\"},{\"@type\":\"ListItem\",\"position\":2,\"name\":\"Linterna M\u00e1gica\"}]},{\"@type\":\"WebSite\",\"@id\":\"http:\/\/camp.ucss.edu.pe\/linternamagica\/#website\",\"url\":\"http:\/\/camp.ucss.edu.pe\/linternamagica\/\",\"name\":\"Linterna M\u00e1gica\",\"description\":\"Revista de informaci\u00f3n y rese\u00f1a cinematogr\u00e1fica\",\"publisher\":{\"@id\":\"http:\/\/camp.ucss.edu.pe\/linternamagica\/#organization\"},\"potentialAction\":[{\"@type\":\"SearchAction\",\"target\":{\"@type\":\"EntryPoint\",\"urlTemplate\":\"http:\/\/camp.ucss.edu.pe\/linternamagica\/?s={search_term_string}\"},\"query-input\":{\"@type\":\"PropertyValueSpecification\",\"valueRequired\":true,\"valueName\":\"search_term_string\"}}],\"inLanguage\":\"es\"},{\"@type\":\"Organization\",\"@id\":\"http:\/\/camp.ucss.edu.pe\/linternamagica\/#organization\",\"name\":\"Linterna M\u00e1gica\",\"url\":\"http:\/\/camp.ucss.edu.pe\/linternamagica\/\",\"logo\":{\"@type\":\"ImageObject\",\"inLanguage\":\"es\",\"@id\":\"http:\/\/camp.ucss.edu.pe\/linternamagica\/#\/schema\/logo\/image\/\",\"url\":\"http:\/\/camp.ucss.edu.pe\/linternamagica\/files\/2016\/08\/linterna-magica-logo-2016-i.png\",\"contentUrl\":\"http:\/\/camp.ucss.edu.pe\/linternamagica\/files\/2016\/08\/linterna-magica-logo-2016-i.png\",\"width\":957,\"height\":204,\"caption\":\"Linterna M\u00e1gica\"},\"image\":{\"@id\":\"http:\/\/camp.ucss.edu.pe\/linternamagica\/#\/schema\/logo\/image\/\"}}]}<\/script>\n<!-- \/ Yoast SEO plugin. -->","yoast_head_json":{"title":"Linterna M\u00e1gica - Linterna M\u00e1gica","robots":{"index":"index","follow":"follow","max-snippet":"max-snippet:-1","max-image-preview":"max-image-preview:large","max-video-preview":"max-video-preview:-1"},"canonical":"http:\/\/camp.ucss.edu.pe\/linternamagica\/pagina-ejemplo\/","og_locale":"es_ES","og_type":"article","og_title":"Linterna M\u00e1gica - Linterna M\u00e1gica","og_description":"Notable invento del siglo XVI, atribuido al importante cient\u00edfico jesuita Atanasio Kircher, que m\u00e1s adelante se convertir\u00eda en el precursor de los proyectores de cine. Basado en el principio de la c\u00e1mara obscura, la linterna m\u00e1gica era un artilugio sencillo que mediante unas lentes y una fuente de luz interna permit\u00eda proyectar im\u00e1genes agrandadas en una pared blanca. El efecto que tuvo en los espectadores era tal que muchos se quedaban asombrados y probablemente haciendo comentarios sobre sus supuestas atribuciones m\u00e1gicas. Quiz\u00e1s hayan sido estas expresiones de asombro la motivaci\u00f3n principal que tuvo Kircher al ver el resultado de su...","og_url":"http:\/\/camp.ucss.edu.pe\/linternamagica\/pagina-ejemplo\/","og_site_name":"Linterna M\u00e1gica","article_modified_time":"2012-03-09T16:35:40+00:00","twitter_card":"summary_large_image","twitter_misc":{"Tiempo de lectura":"1 minuto"},"schema":{"@context":"https:\/\/schema.org","@graph":[{"@type":"WebPage","@id":"http:\/\/camp.ucss.edu.pe\/linternamagica\/pagina-ejemplo\/","url":"http:\/\/camp.ucss.edu.pe\/linternamagica\/pagina-ejemplo\/","name":"Linterna M\u00e1gica - Linterna M\u00e1gica","isPartOf":{"@id":"http:\/\/camp.ucss.edu.pe\/linternamagica\/#website"},"datePublished":"2012-03-02T16:44:11+00:00","dateModified":"2012-03-09T16:35:40+00:00","breadcrumb":{"@id":"http:\/\/camp.ucss.edu.pe\/linternamagica\/pagina-ejemplo\/#breadcrumb"},"inLanguage":"es","potentialAction":[{"@type":"ReadAction","target":["http:\/\/camp.ucss.edu.pe\/linternamagica\/pagina-ejemplo\/"]}]},{"@type":"BreadcrumbList","@id":"http:\/\/camp.ucss.edu.pe\/linternamagica\/pagina-ejemplo\/#breadcrumb","itemListElement":[{"@type":"ListItem","position":1,"name":"Portada","item":"http:\/\/camp.ucss.edu.pe\/linternamagica\/"},{"@type":"ListItem","position":2,"name":"Linterna M\u00e1gica"}]},{"@type":"WebSite","@id":"http:\/\/camp.ucss.edu.pe\/linternamagica\/#website","url":"http:\/\/camp.ucss.edu.pe\/linternamagica\/","name":"Linterna M\u00e1gica","description":"Revista de informaci\u00f3n y rese\u00f1a cinematogr\u00e1fica","publisher":{"@id":"http:\/\/camp.ucss.edu.pe\/linternamagica\/#organization"},"potentialAction":[{"@type":"SearchAction","target":{"@type":"EntryPoint","urlTemplate":"http:\/\/camp.ucss.edu.pe\/linternamagica\/?s={search_term_string}"},"query-input":{"@type":"PropertyValueSpecification","valueRequired":true,"valueName":"search_term_string"}}],"inLanguage":"es"},{"@type":"Organization","@id":"http:\/\/camp.ucss.edu.pe\/linternamagica\/#organization","name":"Linterna M\u00e1gica","url":"http:\/\/camp.ucss.edu.pe\/linternamagica\/","logo":{"@type":"ImageObject","inLanguage":"es","@id":"http:\/\/camp.ucss.edu.pe\/linternamagica\/#\/schema\/logo\/image\/","url":"http:\/\/camp.ucss.edu.pe\/linternamagica\/files\/2016\/08\/linterna-magica-logo-2016-i.png","contentUrl":"http:\/\/camp.ucss.edu.pe\/linternamagica\/files\/2016\/08\/linterna-magica-logo-2016-i.png","width":957,"height":204,"caption":"Linterna M\u00e1gica"},"image":{"@id":"http:\/\/camp.ucss.edu.pe\/linternamagica\/#\/schema\/logo\/image\/"}}]}},"uagb_featured_image_src":{"full":false,"thumbnail":false,"medium":false,"medium_large":false,"large":false,"1536x1536":false,"2048x2048":false,"post-thumbnail":false,"poseidon-header-image":false,"poseidon-thumbnail-small":false,"poseidon-thumbnail-medium":false,"poseidon-thumbnail-large":false,"poseidon-thumbnail-single":false,"tzwb-thumbnail":false,"themezee-related-posts":false},"uagb_author_info":{"display_name":"","author_link":"http:\/\/camp.ucss.edu.pe\/linternamagica\/author\/"},"uagb_comment_info":2,"uagb_excerpt":"Notable invento del siglo XVI, atribuido al importante cient\u00edfico jesuita Atanasio Kircher, que m\u00e1s adelante se convertir\u00eda en el precursor de los proyectores de cine. Basado en el principio de la c\u00e1mara obscura, la linterna m\u00e1gica era un artilugio sencillo que mediante unas lentes y una fuente de luz interna permit\u00eda proyectar im\u00e1genes agrandadas en&hellip;","_links":{"self":[{"href":"http:\/\/camp.ucss.edu.pe\/linternamagica\/wp-json\/wp\/v2\/pages\/2","targetHints":{"allow":["GET"]}}],"collection":[{"href":"http:\/\/camp.ucss.edu.pe\/linternamagica\/wp-json\/wp\/v2\/pages"}],"about":[{"href":"http:\/\/camp.ucss.edu.pe\/linternamagica\/wp-json\/wp\/v2\/types\/page"}],"author":[{"embeddable":true,"href":"http:\/\/camp.ucss.edu.pe\/linternamagica\/wp-json\/wp\/v2\/users\/6"}],"replies":[{"embeddable":true,"href":"http:\/\/camp.ucss.edu.pe\/linternamagica\/wp-json\/wp\/v2\/comments?post=2"}],"version-history":[{"count":2,"href":"http:\/\/camp.ucss.edu.pe\/linternamagica\/wp-json\/wp\/v2\/pages\/2\/revisions"}],"predecessor-version":[{"id":28,"href":"http:\/\/camp.ucss.edu.pe\/linternamagica\/wp-json\/wp\/v2\/pages\/2\/revisions\/28"}],"wp:attachment":[{"href":"http:\/\/camp.ucss.edu.pe\/linternamagica\/wp-json\/wp\/v2\/media?parent=2"}],"wp:term":[{"taxonomy":"post_tag","embeddable":true,"href":"http:\/\/camp.ucss.edu.pe\/linternamagica\/wp-json\/wp\/v2\/tags?post=2"}],"curies":[{"name":"wp","href":"https:\/\/api.w.org\/{rel}","templated":true}]}}