{"id":2,"date":"2011-01-06T20:52:50","date_gmt":"2011-01-06T20:52:50","guid":{"rendered":"http:\/\/camp.ucss.edu.pe\/agrarias\/?page_id=2"},"modified":"2011-01-06T20:52:50","modified_gmt":"2011-01-06T20:52:50","slug":"acerca-de","status":"publish","type":"page","link":"http:\/\/camp.ucss.edu.pe\/agrarias\/acerca-de\/","title":{"rendered":"Acerca de"},"content":{"rendered":"<p>Esto es un ejemplo de p\u00e1gina de WordPress, puedes editarla para mostrar informaci\u00f3n acerca de ti o tu sitio; as\u00ed, los lectores sabr\u00e1n a qu\u00e9 atenerse. Puedes crear tantas p\u00e1ginas o sub-p\u00e1ginas como quieras y organizar su contenido dentro de WordPress.<\/p>\n","protected":false},"excerpt":{"rendered":"<p>Esto es un ejemplo de p\u00e1gina de WordPress, puedes editarla para mostrar informaci\u00f3n acerca de ti o tu sitio; as\u00ed, los lectores sabr\u00e1n a qu\u00e9 atenerse. Puedes crear tantas p\u00e1ginas o sub-p\u00e1ginas como quieras y organizar su contenido dentro de WordPress.<\/p>\n","protected":false},"author":1,"featured_media":0,"parent":0,"menu_order":0,"comment_status":"open","ping_status":"open","template":"","meta":{"_uag_custom_page_level_css":"","footnotes":""},"tags":[],"class_list":["post-2","page","type-page","status-publish","hentry"],"yoast_head":"<!-- This site is optimized with the Yoast SEO plugin v24.0 - https:\/\/yoast.com\/wordpress\/plugins\/seo\/ -->\n<title>Acerca de - Facultad de Ing. Agraria de la UCSS<\/title>\n<meta name=\"robots\" content=\"index, follow, max-snippet:-1, max-image-preview:large, max-video-preview:-1\" \/>\n<link rel=\"canonical\" href=\"http:\/\/camp.ucss.edu.pe\/agrarias\/acerca-de\/\" \/>\n<meta property=\"og:locale\" content=\"es_ES\" \/>\n<meta property=\"og:type\" content=\"article\" \/>\n<meta property=\"og:title\" content=\"Acerca de - Facultad de Ing. Agraria de la UCSS\" \/>\n<meta property=\"og:description\" content=\"Esto es un ejemplo de p\u00e1gina de WordPress, puedes editarla para mostrar informaci\u00f3n acerca de ti o tu sitio; as\u00ed, los lectores sabr\u00e1n a qu\u00e9 atenerse. Puedes crear tantas p\u00e1ginas o sub-p\u00e1ginas como quieras y organizar su contenido dentro de WordPress.\" \/>\n<meta property=\"og:url\" content=\"http:\/\/camp.ucss.edu.pe\/agrarias\/acerca-de\/\" \/>\n<meta property=\"og:site_name\" content=\"Facultad de Ing. Agraria de la UCSS\" \/>\n<meta name=\"twitter:card\" content=\"summary_large_image\" \/>\n<script type=\"application\/ld+json\" class=\"yoast-schema-graph\">{\"@context\":\"https:\/\/schema.org\",\"@graph\":[{\"@type\":\"WebPage\",\"@id\":\"http:\/\/camp.ucss.edu.pe\/agrarias\/acerca-de\/\",\"url\":\"http:\/\/camp.ucss.edu.pe\/agrarias\/acerca-de\/\",\"name\":\"Acerca de - Facultad de Ing. Agraria de la UCSS\",\"isPartOf\":{\"@id\":\"http:\/\/camp.ucss.edu.pe\/agrarias\/#website\"},\"datePublished\":\"2011-01-06T20:52:50+00:00\",\"dateModified\":\"2011-01-06T20:52:50+00:00\",\"breadcrumb\":{\"@id\":\"http:\/\/camp.ucss.edu.pe\/agrarias\/acerca-de\/#breadcrumb\"},\"inLanguage\":\"es\",\"potentialAction\":[{\"@type\":\"ReadAction\",\"target\":[\"http:\/\/camp.ucss.edu.pe\/agrarias\/acerca-de\/\"]}]},{\"@type\":\"BreadcrumbList\",\"@id\":\"http:\/\/camp.ucss.edu.pe\/agrarias\/acerca-de\/#breadcrumb\",\"itemListElement\":[{\"@type\":\"ListItem\",\"position\":1,\"name\":\"Portada\",\"item\":\"http:\/\/camp.ucss.edu.pe\/agrarias\/\"},{\"@type\":\"ListItem\",\"position\":2,\"name\":\"Acerca de\"}]},{\"@type\":\"WebSite\",\"@id\":\"http:\/\/camp.ucss.edu.pe\/agrarias\/#website\",\"url\":\"http:\/\/camp.ucss.edu.pe\/agrarias\/\",\"name\":\"Facultad de Ing. Agraria de la UCSS\",\"description\":\"Otro sitio m\u00e1s de Blogs UCSS\",\"potentialAction\":[{\"@type\":\"SearchAction\",\"target\":{\"@type\":\"EntryPoint\",\"urlTemplate\":\"http:\/\/camp.ucss.edu.pe\/agrarias\/?s={search_term_string}\"},\"query-input\":{\"@type\":\"PropertyValueSpecification\",\"valueRequired\":true,\"valueName\":\"search_term_string\"}}],\"inLanguage\":\"es\"}]}<\/script>\n<!-- \/ Yoast SEO plugin. -->","yoast_head_json":{"title":"Acerca de - Facultad de Ing. Agraria de la UCSS","robots":{"index":"index","follow":"follow","max-snippet":"max-snippet:-1","max-image-preview":"max-image-preview:large","max-video-preview":"max-video-preview:-1"},"canonical":"http:\/\/camp.ucss.edu.pe\/agrarias\/acerca-de\/","og_locale":"es_ES","og_type":"article","og_title":"Acerca de - Facultad de Ing. Agraria de la UCSS","og_description":"Esto es un ejemplo de p\u00e1gina de WordPress, puedes editarla para mostrar informaci\u00f3n acerca de ti o tu sitio; as\u00ed, los lectores sabr\u00e1n a qu\u00e9 atenerse. Puedes crear tantas p\u00e1ginas o sub-p\u00e1ginas como quieras y organizar su contenido dentro de WordPress.","og_url":"http:\/\/camp.ucss.edu.pe\/agrarias\/acerca-de\/","og_site_name":"Facultad de Ing. Agraria de la UCSS","twitter_card":"summary_large_image","schema":{"@context":"https:\/\/schema.org","@graph":[{"@type":"WebPage","@id":"http:\/\/camp.ucss.edu.pe\/agrarias\/acerca-de\/","url":"http:\/\/camp.ucss.edu.pe\/agrarias\/acerca-de\/","name":"Acerca de - Facultad de Ing. Agraria de la UCSS","isPartOf":{"@id":"http:\/\/camp.ucss.edu.pe\/agrarias\/#website"},"datePublished":"2011-01-06T20:52:50+00:00","dateModified":"2011-01-06T20:52:50+00:00","breadcrumb":{"@id":"http:\/\/camp.ucss.edu.pe\/agrarias\/acerca-de\/#breadcrumb"},"inLanguage":"es","potentialAction":[{"@type":"ReadAction","target":["http:\/\/camp.ucss.edu.pe\/agrarias\/acerca-de\/"]}]},{"@type":"BreadcrumbList","@id":"http:\/\/camp.ucss.edu.pe\/agrarias\/acerca-de\/#breadcrumb","itemListElement":[{"@type":"ListItem","position":1,"name":"Portada","item":"http:\/\/camp.ucss.edu.pe\/agrarias\/"},{"@type":"ListItem","position":2,"name":"Acerca de"}]},{"@type":"WebSite","@id":"http:\/\/camp.ucss.edu.pe\/agrarias\/#website","url":"http:\/\/camp.ucss.edu.pe\/agrarias\/","name":"Facultad de Ing. Agraria de la UCSS","description":"Otro sitio m\u00e1s de Blogs UCSS","potentialAction":[{"@type":"SearchAction","target":{"@type":"EntryPoint","urlTemplate":"http:\/\/camp.ucss.edu.pe\/agrarias\/?s={search_term_string}"},"query-input":{"@type":"PropertyValueSpecification","valueRequired":true,"valueName":"search_term_string"}}],"inLanguage":"es"}]}},"uagb_featured_image_src":{"full":false,"thumbnail":false,"medium":false,"medium_large":false,"large":false,"1536x1536":false,"2048x2048":false},"uagb_author_info":{"display_name":"CampUCSS","author_link":"http:\/\/camp.ucss.edu.pe\/agrarias\/author\/ucss_campucss\/"},"uagb_comment_info":1,"uagb_excerpt":"Esto es un ejemplo de p\u00e1gina de WordPress, puedes editarla para mostrar informaci\u00f3n acerca de ti o tu sitio; as\u00ed, los lectores sabr\u00e1n a qu\u00e9 atenerse. Puedes crear tantas p\u00e1ginas o sub-p\u00e1ginas como quieras y organizar su contenido dentro de WordPress.","_links":{"self":[{"href":"http:\/\/camp.ucss.edu.pe\/agrarias\/wp-json\/wp\/v2\/pages\/2","targetHints":{"allow":["GET"]}}],"collection":[{"href":"http:\/\/camp.ucss.edu.pe\/agrarias\/wp-json\/wp\/v2\/pages"}],"about":[{"href":"http:\/\/camp.ucss.edu.pe\/agrarias\/wp-json\/wp\/v2\/types\/page"}],"author":[{"embeddable":true,"href":"http:\/\/camp.ucss.edu.pe\/agrarias\/wp-json\/wp\/v2\/users\/1"}],"replies":[{"embeddable":true,"href":"http:\/\/camp.ucss.edu.pe\/agrarias\/wp-json\/wp\/v2\/comments?post=2"}],"version-history":[{"count":0,"href":"http:\/\/camp.ucss.edu.pe\/agrarias\/wp-json\/wp\/v2\/pages\/2\/revisions"}],"wp:attachment":[{"href":"http:\/\/camp.ucss.edu.pe\/agrarias\/wp-json\/wp\/v2\/media?parent=2"}],"wp:term":[{"taxonomy":"post_tag","embeddable":true,"href":"http:\/\/camp.ucss.edu.pe\/agrarias\/wp-json\/wp\/v2\/tags?post=2"}],"curies":[{"name":"wp","href":"https:\/\/api.w.org\/{rel}","templated":true}]}}